{"id":8,"date":"2016-04-11T09:12:27","date_gmt":"2016-04-11T07:12:27","guid":{"rendered":"http:\/\/www.bdz-berlin.de\/?page_id=8"},"modified":"2025-11-14T09:36:36","modified_gmt":"2025-11-14T08:36:36","slug":"landeszupforchester-berlin","status":"publish","type":"page","link":"https:\/\/www.bdz-berlin.de\/index.php\/landeszupforchester-berlin\/","title":{"rendered":"LZO BERLIN"},"content":{"rendered":"<div class=\"wp-block-image\">\n<figure class=\"alignleft\"><a href=\"https:\/\/www.bdz-berlin.de\/wp-content\/uploads\/2019\/10\/LZO_Logo_breit.jpg\"><img loading=\"lazy\" decoding=\"async\" width=\"1556\" height=\"412\" src=\"https:\/\/www.bdz-berlin.de\/wp-content\/uploads\/2019\/10\/LZO_Logo_breit.jpg\" alt=\"\" class=\"wp-image-578\" srcset=\"https:\/\/www.bdz-berlin.de\/wp-content\/uploads\/2019\/10\/LZO_Logo_breit.jpg 1556w, https:\/\/www.bdz-berlin.de\/wp-content\/uploads\/2019\/10\/LZO_Logo_breit-300x79.jpg 300w, https:\/\/www.bdz-berlin.de\/wp-content\/uploads\/2019\/10\/LZO_Logo_breit-768x203.jpg 768w, https:\/\/www.bdz-berlin.de\/wp-content\/uploads\/2019\/10\/LZO_Logo_breit-1024x271.jpg 1024w, https:\/\/www.bdz-berlin.de\/wp-content\/uploads\/2019\/10\/LZO_Logo_breit-624x165.jpg 624w\" sizes=\"(max-width: 1556px) 100vw, 1556px\" \/><\/a><\/figure><\/div>\n\n\n<p>Das Landeszupforchester Berlin (LZO) ist ein Projekt des BDZ Landesverbandes Berlin und des Landesmusikrates Berlin. Es wurde 1990 auf Initiative der damaligen Pr\u00e4sidentin des BDZ Landesverbandes, Helga Konzack und dem seinerzeitigen Pr\u00e4sidenten des Landesmusikrates Berlin, Dr. Fried Weisbrodt gegr\u00fcndet.<br><br>Als Auswahlorchester setzt es sich aus den fortgeschrittenen Spielern der Berliner Vereinsorchester, aber auch aus Musikstudenten, professionellen Musikern und vielversprechenden Talenten zusammen.<\/p>\n\n\n\n<p><a href=\"https:\/\/www.bdz-berlin.de\/wp-content\/uploads\/2023\/05\/Teilnahmebedingungen-LZO.pdf\">Allgemeine Teilnahmebedingungen<\/a><\/p>\n\n\n\n<h1 class=\"wp-block-heading\">Das LZO f\u00e4hrt nach Bruchsal<\/h1>\n\n\n\n<p>F\u00fcr n\u00e4chstes Jahr haben wir uns etwas Besonderes vorgenommen: Gemeinsam mit dem LZO Sachsen werden wir als Projektorchester am Eurofestival 2026 in Bruchsal teilnehmen. Ab November erarbeiten wir ein spannendes Programm, z. B. wollen wir eine Urauff\u00fchrung von Rolf Thomas Lorenz spielen.<\/p>\n\n\n\n<p>Hier die geplanten Probentermine:<\/p>\n\n\n\n<figure class=\"wp-block-table is-style-stripes\"><table><tbody><tr><td>Sa, 29.11.2025<\/td><td>11:00 bis 17:00h<\/td><td>Kommunale Begegnungsst\u00e4tte Judith Auer<br>Judith-Auer-Str. 8<br>10369 Berlin<\/td><td>Tagesprobe<\/td><\/tr><tr><td>So, 15.02.2026<\/td><td>11:00 bis 17:00h<\/td><td>Kommunale Begegnungsst\u00e4tte Judith Auer<br>Judith-Auer-Str. 8<br>10369 Berlin<\/td><td>Tagesprobe<\/td><\/tr><tr><td>Sa, 28.02.2026<\/td><td>ganzt\u00e4gig<\/td><td>Freiberg<\/td><td>Tagesprobe<br>mit dem LZO Sachsen<\/td><\/tr><tr><td>So, 22.03.2026<\/td><td>11:00 bis 17:00h<\/td><td>Kommunale Begegnungsst\u00e4tte Judith Auer<br>Judith-Auer-Str. 8<br>10369 Berlin<\/td><td>Tagesprobe<\/td><\/tr><tr><td>So, 12.04.2026<\/td><td>11:00 bis 17:00h<\/td><td>Kommunale Begegnungsst\u00e4tte Judith Auer<br>Judith-Auer-Str. 8<br>10369 Berlin<\/td><td>Tagesprobe<\/td><\/tr><tr><td>Sa, 18.04.2026<\/td><td>ganzt\u00e4gig<\/td><td>Freiberg<\/td><td>Tagesprobe<br>mit dem LZO Sachsen<\/td><\/tr><tr><td>Do, 14.05. bis<br>So, 17.05.2026<\/td><td><\/td><td>Bruchsal<\/td><td><strong>Eurofestival<\/strong><\/td><\/tr><\/tbody><\/table><\/figure>\n\n\n\n<h3 class=\"wp-block-heading\">Aktuelles Programm:<\/h3>\n\n\n\n<ul class=\"wp-block-list\">\n<li>Johann Sebastian Bach: Italienisches Konzert<\/li>\n\n\n\n<li>Rolf Thomas Lorenz: Suite (UA)<\/li>\n\n\n\n<li>Astor Piazzolla: Sentimental<\/li>\n<\/ul>\n\n\n\n<p>Wenn Du Interesse hast mitzuspielen, schreib bitte an: <a href=\"javascript:DeCryptX('1h2g1t0c3k2c0e0f0t0s1g0u0e0h2t2w0n2i0@1c0d1{2\/0b1f3u1m2k3q1\/0d1f')\">&#103;e&#115;&#99;h&#97;&#101;f&#116;s&#102;u&#101;hr&#117;n&#103;&#64;&#98;dz-b&#101;&#114;li&#110;&#46;d&#101;<\/a><\/p>\n\n\n\n<p>Wir freuen uns auf Dich!<\/p>\n\n\n\n<hr class=\"wp-block-separator has-alpha-channel-opacity\"\/>\n\n\n\n<h1 class=\"wp-block-heading\">Retrospektive<\/h1>\n\n\n\n<figure class=\"wp-block-image\"><a href=\"https:\/\/www.bdz-berlin.de\/wp-content\/uploads\/2023\/03\/Plakat_14.05.2023-scaled.jpg\"><img loading=\"lazy\" decoding=\"async\" width=\"724\" height=\"1024\" src=\"https:\/\/www.bdz-berlin.de\/wp-content\/uploads\/2023\/03\/Plakat_14.05.2023-724x1024.jpg\" alt=\"\" class=\"wp-image-824\" srcset=\"https:\/\/www.bdz-berlin.de\/wp-content\/uploads\/2023\/03\/Plakat_14.05.2023-724x1024.jpg 724w, https:\/\/www.bdz-berlin.de\/wp-content\/uploads\/2023\/03\/Plakat_14.05.2023-212x300.jpg 212w, https:\/\/www.bdz-berlin.de\/wp-content\/uploads\/2023\/03\/Plakat_14.05.2023-768x1086.jpg 768w, https:\/\/www.bdz-berlin.de\/wp-content\/uploads\/2023\/03\/Plakat_14.05.2023-1086x1536.jpg 1086w, https:\/\/www.bdz-berlin.de\/wp-content\/uploads\/2023\/03\/Plakat_14.05.2023-1448x2048.jpg 1448w, https:\/\/www.bdz-berlin.de\/wp-content\/uploads\/2023\/03\/Plakat_14.05.2023-624x883.jpg 624w, https:\/\/www.bdz-berlin.de\/wp-content\/uploads\/2023\/03\/Plakat_14.05.2023-scaled.jpg 1810w\" sizes=\"(max-width: 724px) 100vw, 724px\" \/><\/a><\/figure>\n\n\n\n<p><a href=\"https:\/\/www.bdz-berlin.de\/wp-content\/uploads\/2023\/05\/LZO-Programm-14.05.2023.pdf\">Programmheft<\/a><\/p>\n\n\n\n<hr class=\"wp-block-separator has-alpha-channel-opacity\"\/>\n\n\n\n<figure class=\"wp-block-image\"><a href=\"https:\/\/www.bdz-berlin.de\/wp-content\/uploads\/2018\/05\/Flyer_24022018.jpg\"><img loading=\"lazy\" decoding=\"async\" width=\"726\" height=\"1024\" src=\"https:\/\/www.bdz-berlin.de\/wp-content\/uploads\/2018\/05\/Flyer_24022018-726x1024.jpg\" alt=\"\" class=\"wp-image-349\" srcset=\"https:\/\/www.bdz-berlin.de\/wp-content\/uploads\/2018\/05\/Flyer_24022018-726x1024.jpg 726w, https:\/\/www.bdz-berlin.de\/wp-content\/uploads\/2018\/05\/Flyer_24022018-213x300.jpg 213w, https:\/\/www.bdz-berlin.de\/wp-content\/uploads\/2018\/05\/Flyer_24022018-768x1083.jpg 768w, https:\/\/www.bdz-berlin.de\/wp-content\/uploads\/2018\/05\/Flyer_24022018-624x880.jpg 624w, https:\/\/www.bdz-berlin.de\/wp-content\/uploads\/2018\/05\/Flyer_24022018.jpg 1240w\" sizes=\"(max-width: 726px) 100vw, 726px\" \/><\/a><\/figure>\n\n\n\n<p><a href=\"https:\/\/www.bdz-berlin.de\/wp-content\/uploads\/2018\/05\/LZO-Programm-24.02.2018.pdf\">Programheft<\/a><\/p>\n\n\n\n<hr class=\"wp-block-separator has-alpha-channel-opacity\"\/>\n\n\n\n<figure class=\"wp-block-image\"><a href=\"https:\/\/www.bdz-berlin.de\/wp-content\/uploads\/2018\/05\/Flyer_13112016.jpg\"><img loading=\"lazy\" decoding=\"async\" width=\"726\" height=\"1024\" src=\"https:\/\/www.bdz-berlin.de\/wp-content\/uploads\/2018\/05\/Flyer_13112016-726x1024.jpg\" alt=\"\" class=\"wp-image-348\" srcset=\"https:\/\/www.bdz-berlin.de\/wp-content\/uploads\/2018\/05\/Flyer_13112016-726x1024.jpg 726w, https:\/\/www.bdz-berlin.de\/wp-content\/uploads\/2018\/05\/Flyer_13112016-213x300.jpg 213w, https:\/\/www.bdz-berlin.de\/wp-content\/uploads\/2018\/05\/Flyer_13112016-768x1083.jpg 768w, https:\/\/www.bdz-berlin.de\/wp-content\/uploads\/2018\/05\/Flyer_13112016-624x880.jpg 624w, https:\/\/www.bdz-berlin.de\/wp-content\/uploads\/2018\/05\/Flyer_13112016.jpg 1240w\" sizes=\"(max-width: 726px) 100vw, 726px\" \/><\/a><\/figure>\n\n\n\n<p><a href=\"https:\/\/www.bdz-berlin.de\/wp-content\/uploads\/2018\/05\/LZO-Programm-13.11.2016.pdf\">Programmheft<\/a><\/p>\n\n\n\n<hr class=\"wp-block-separator has-alpha-channel-opacity\"\/>\n\n\n\n<figure class=\"wp-block-image\"><a href=\"https:\/\/www.bdz-berlin.de\/wp-content\/uploads\/2018\/05\/Flyer_03042016.jpg\"><img loading=\"lazy\" decoding=\"async\" width=\"726\" height=\"1024\" src=\"https:\/\/www.bdz-berlin.de\/wp-content\/uploads\/2018\/05\/Flyer_03042016-726x1024.jpg\" alt=\"\" class=\"wp-image-347\" srcset=\"https:\/\/www.bdz-berlin.de\/wp-content\/uploads\/2018\/05\/Flyer_03042016-726x1024.jpg 726w, https:\/\/www.bdz-berlin.de\/wp-content\/uploads\/2018\/05\/Flyer_03042016-213x300.jpg 213w, https:\/\/www.bdz-berlin.de\/wp-content\/uploads\/2018\/05\/Flyer_03042016-768x1083.jpg 768w, https:\/\/www.bdz-berlin.de\/wp-content\/uploads\/2018\/05\/Flyer_03042016-624x880.jpg 624w, https:\/\/www.bdz-berlin.de\/wp-content\/uploads\/2018\/05\/Flyer_03042016.jpg 1240w\" sizes=\"(max-width: 726px) 100vw, 726px\" \/><\/a><\/figure>\n\n\n\n<p><a href=\"https:\/\/www.bdz-berlin.de\/wp-content\/uploads\/2018\/05\/LZO-Programm-03.04.2016.pdf\">Programmheft<\/a><\/p>\n\n\n\n<hr class=\"wp-block-separator has-alpha-channel-opacity\"\/>\n\n\n\n<figure class=\"wp-block-image\"><a href=\"https:\/\/www.bdz-berlin.de\/wp-content\/uploads\/2018\/05\/konzert250514.jpg\"><img loading=\"lazy\" decoding=\"async\" width=\"732\" height=\"1024\" src=\"https:\/\/www.bdz-berlin.de\/wp-content\/uploads\/2018\/05\/konzert250514-732x1024.jpg\" alt=\"\" class=\"wp-image-343\" srcset=\"https:\/\/www.bdz-berlin.de\/wp-content\/uploads\/2018\/05\/konzert250514-732x1024.jpg 732w, https:\/\/www.bdz-berlin.de\/wp-content\/uploads\/2018\/05\/konzert250514-214x300.jpg 214w, https:\/\/www.bdz-berlin.de\/wp-content\/uploads\/2018\/05\/konzert250514-768x1075.jpg 768w, https:\/\/www.bdz-berlin.de\/wp-content\/uploads\/2018\/05\/konzert250514-624x873.jpg 624w, https:\/\/www.bdz-berlin.de\/wp-content\/uploads\/2018\/05\/konzert250514.jpg 1287w\" sizes=\"(max-width: 732px) 100vw, 732px\" \/><\/a><\/figure>\n\n\n\n<p><a href=\"https:\/\/www.bdz-berlin.de\/wp-content\/uploads\/2018\/05\/LZO-Programm-25.05.2014.pdf\">Programmheft<\/a><\/p>\n\n\n\n<hr class=\"wp-block-separator has-alpha-channel-opacity\"\/>\n\n\n\n<figure class=\"wp-block-image\"><a href=\"https:\/\/www.bdz-berlin.de\/wp-content\/uploads\/2018\/05\/konzert011213.jpg\"><img loading=\"lazy\" decoding=\"async\" width=\"1024\" height=\"726\" src=\"https:\/\/www.bdz-berlin.de\/wp-content\/uploads\/2018\/05\/konzert011213-1024x726.jpg\" alt=\"\" class=\"wp-image-340\" srcset=\"https:\/\/www.bdz-berlin.de\/wp-content\/uploads\/2018\/05\/konzert011213-1024x726.jpg 1024w, https:\/\/www.bdz-berlin.de\/wp-content\/uploads\/2018\/05\/konzert011213-300x213.jpg 300w, https:\/\/www.bdz-berlin.de\/wp-content\/uploads\/2018\/05\/konzert011213-768x545.jpg 768w, https:\/\/www.bdz-berlin.de\/wp-content\/uploads\/2018\/05\/konzert011213-624x443.jpg 624w, https:\/\/www.bdz-berlin.de\/wp-content\/uploads\/2018\/05\/konzert011213.jpg 1748w\" sizes=\"(max-width: 1024px) 100vw, 1024px\" \/><\/a><\/figure>\n\n\n\n<hr class=\"wp-block-separator has-alpha-channel-opacity\"\/>\n\n\n\n<figure class=\"wp-block-image\"><a href=\"https:\/\/www.bdz-berlin.de\/wp-content\/uploads\/2018\/05\/konzert090613.jpg\"><img loading=\"lazy\" decoding=\"async\" width=\"724\" height=\"1024\" src=\"https:\/\/www.bdz-berlin.de\/wp-content\/uploads\/2018\/05\/konzert090613-724x1024.jpg\" alt=\"\" class=\"wp-image-342\" srcset=\"https:\/\/www.bdz-berlin.de\/wp-content\/uploads\/2018\/05\/konzert090613-724x1024.jpg 724w, https:\/\/www.bdz-berlin.de\/wp-content\/uploads\/2018\/05\/konzert090613-212x300.jpg 212w, https:\/\/www.bdz-berlin.de\/wp-content\/uploads\/2018\/05\/konzert090613-768x1086.jpg 768w, https:\/\/www.bdz-berlin.de\/wp-content\/uploads\/2018\/05\/konzert090613-624x883.jpg 624w, https:\/\/www.bdz-berlin.de\/wp-content\/uploads\/2018\/05\/konzert090613.jpg 1240w\" sizes=\"(max-width: 724px) 100vw, 724px\" \/><\/a><\/figure>\n\n\n\n<p><a href=\"https:\/\/www.bdz-berlin.de\/wp-content\/uploads\/2018\/05\/LZO_Programm_09.06.2013.pdf\">Programmheft<\/a><\/p>\n\n\n\n<hr class=\"wp-block-separator has-alpha-channel-opacity\"\/>\n\n\n\n<figure class=\"wp-block-image\"><a href=\"https:\/\/www.bdz-berlin.de\/wp-content\/uploads\/2018\/05\/konzert030612.jpg\"><img loading=\"lazy\" decoding=\"async\" width=\"726\" height=\"1024\" src=\"https:\/\/www.bdz-berlin.de\/wp-content\/uploads\/2018\/05\/konzert030612-726x1024.jpg\" alt=\"\" class=\"wp-image-341\" srcset=\"https:\/\/www.bdz-berlin.de\/wp-content\/uploads\/2018\/05\/konzert030612-726x1024.jpg 726w, https:\/\/www.bdz-berlin.de\/wp-content\/uploads\/2018\/05\/konzert030612-213x300.jpg 213w, https:\/\/www.bdz-berlin.de\/wp-content\/uploads\/2018\/05\/konzert030612-768x1084.jpg 768w, https:\/\/www.bdz-berlin.de\/wp-content\/uploads\/2018\/05\/konzert030612-624x880.jpg 624w, https:\/\/www.bdz-berlin.de\/wp-content\/uploads\/2018\/05\/konzert030612.jpg 1239w\" sizes=\"(max-width: 726px) 100vw, 726px\" \/><\/a><\/figure>\n\n\n\n<p><a href=\"https:\/\/www.bdz-berlin.de\/wp-content\/uploads\/2018\/05\/LZO_Programm_03.06.2012.pdf\">Programmheft<\/a><\/p>\n\n\n\n<hr class=\"wp-block-separator has-alpha-channel-opacity\"\/>\n","protected":false},"excerpt":{"rendered":"<p>Das Landeszupforchester Berlin (LZO) ist ein Projekt des BDZ Landesverbandes Berlin und des Landesmusikrates Berlin. Es wurde 1990 auf Initiative der damaligen Pr\u00e4sidentin des BDZ Landesverbandes, Helga Konzack und dem&#8230; <a href=\"https:\/\/www.bdz-berlin.de\/index.php\/landeszupforchester-berlin\/\">Read more &raquo;<\/a><\/p>\n","protected":false},"author":1,"featured_media":0,"parent":0,"menu_order":0,"comment_status":"closed","ping_status":"closed","template":"","meta":{"footnotes":""},"class_list":["post-8","page","type-page","status-publish","hentry"],"_links":{"self":[{"href":"https:\/\/www.bdz-berlin.de\/index.php\/wp-json\/wp\/v2\/pages\/8"}],"collection":[{"href":"https:\/\/www.bdz-berlin.de\/index.php\/wp-json\/wp\/v2\/pages"}],"about":[{"href":"https:\/\/www.bdz-berlin.de\/index.php\/wp-json\/wp\/v2\/types\/page"}],"author":[{"embeddable":true,"href":"https:\/\/www.bdz-berlin.de\/index.php\/wp-json\/wp\/v2\/users\/1"}],"replies":[{"embeddable":true,"href":"https:\/\/www.bdz-berlin.de\/index.php\/wp-json\/wp\/v2\/comments?post=8"}],"version-history":[{"count":45,"href":"https:\/\/www.bdz-berlin.de\/index.php\/wp-json\/wp\/v2\/pages\/8\/revisions"}],"predecessor-version":[{"id":1089,"href":"https:\/\/www.bdz-berlin.de\/index.php\/wp-json\/wp\/v2\/pages\/8\/revisions\/1089"}],"wp:attachment":[{"href":"https:\/\/www.bdz-berlin.de\/index.php\/wp-json\/wp\/v2\/media?parent=8"}],"curies":[{"name":"wp","href":"https:\/\/api.w.org\/{rel}","templated":true}]}}