{"id":655,"date":"2021-02-09T20:03:36","date_gmt":"2021-02-09T19:03:36","guid":{"rendered":"http:\/\/www.bdz-berlin.de\/?page_id=655"},"modified":"2023-12-26T18:06:11","modified_gmt":"2023-12-26T17:06:11","slug":"chronik","status":"publish","type":"page","link":"https:\/\/www.bdz-berlin.de\/index.php\/ljgo\/chronik\/","title":{"rendered":"Chronik"},"content":{"rendered":"\n<h2 class=\"wp-block-heading\">2022<\/h2>\n\n\n\n<h4 class=\"wp-block-heading\">Probenphase 2. Halbjahr<\/h4>\n\n\n\n<p>Die zweite Probenphase im Jahr 2022 war eine ganz besondere Zeit f\u00fcr unser Orchester. Unser Highlight des Jahres war gleichzeitig ein H\u00f6hepunkt seit Bestehen des\u00a0<em>ljgo berlin<\/em>. Wir haben am Wettbewerb f\u00fcr Auswahlorchester (<em>WAO22<\/em>) in Trossingen (Baden-W\u00fcrttemberg) teilgenommen. F\u00fcr die Teilnahme wurde uns ein ganz besonderes St\u00fcck als Pflichtst\u00fcck aufgetragen: \u201eIn Memoriam Paco de Luc\u00eda\u201c von Chris Dumigam \u2013 unser erstes sechsstimmiges Orchesterwerk!<\/p>\n\n\n\n<p>Am Freitag, den 11. 11. ging es f\u00fcr uns mit dem Zug in den S\u00fcden, wo wir alle eine gemeinsame Unterkunft bewohnen durften. Dort konnten wir nicht nur noch enger als Orchester zusammenwachsen, sondern uns auch mit anderen Zupf-, Akkordeon- und Gitarrenorchestern aus dem ganzen Land austauschten.<\/p>\n\n\n\n<p>Am Samstag, dem Wettbewerbstag, stellten wir dann unser musikalisches K\u00f6nnen unter Beweis. Anschlie\u00dfend konnten wir auch Auftritte von mitstreitenden Orchestern besuchen. Abends fand dann die Auswertung statt. Wir belegten in unserer Kategorie \u201eGitarrenorchester\u201c mit gutem Erfolg und stolz auf unsere Leistung den zweiten Platz. Gl\u00fccklich und mit der Urkunde in der Tasche traten wir am n\u00e4chsten Tag die R\u00fcckreise an.<\/p>\n\n\n\n<p>Diese ereignisreiche Phase endete mit einem Abschlusskonzert in der Hoffnungskirche in Berlin-Pankow. Anfang Dezember konnte unser Publikum neben Chris Dumigam auch Orchesterst\u00fccke von Jean-Baptiste Lully, Yasuo Kuwahara, Lars W\u00fcller, Haralabos Stafylakis und Leo Brouwer genie\u00dfen. Da wir unser Programm stets abwechslungsreich gestalten wollen und wir viele junge Gitarrentalente in unserem Orchester haben, freuen wir uns jedes Mal, dass auch solistische Beitr\u00e4ge unser Konzert bereichern. Bei diesem Konzert spielten Ilja Seewald, Julian Specht und Mailani Diebold ein breites Spektrum von Romantik bis Moderne und vertonten St\u00fccke von Johann Kapsar Mertz, Fernando Sor und Andrew York.<\/p>\n\n\n\n<p>Es war ein sehr intensives, herausforderndes und wirklich tolles Projekt. Es hat uns zusammengeschwei\u00dft und musikalisch n\u00e4her gebracht. Abschlie\u00dfend kann ich nur sagen: Danke an alle, die in dieser Phase dabei waren. Wir alle haben es zu einem unvergesslichen Moment gemacht!<\/p>\n\n\n\n<h4 class=\"wp-block-heading\">Probenphase 1. Halbjahr<\/h4>\n\n\n\n<p>Diese Probenphase begann mit der Vorbereitung auf ein Konzert in Alt-Rudow am 04.06.2022, bei dem wir Werke von Kuwahara, Stafylakis und erneut Lully, W\u00fcller und Brouwer auff\u00fchrten, bereichert durch beeindruckende weitere Soli durch Mitspielende. Ein gefestigtes Konzertprogramm hatten wir nun erarbeitet, welches auch in Trossingen, beim Wettbewerb f\u00fcr Auswahlorchester, im November dargeboten wurde.<\/p>\n\n\n\n<h2 class=\"wp-block-heading\">2021<\/h2>\n\n\n\n<p>Wir begannen das Jahr 2021 im digitalen Modus. Mit Kulturabenden, bei dem jedes Orchestermitglied solistische Darbietungen pr\u00e4sentieren konnte und der Arbeit an einer gemeinsamen Aufnahme, vertrieben wir uns den \u201eCorona-Blues\u201c.&nbsp;<\/p>\n\n\n\n<p>Tats\u00e4chlich konnten wir ab Fr\u00fchjahr 2021 wieder Pr\u00e4senzproben unter den bekannten Auflagen machen. Diese gipfelten in einem Konzert am 23.10.2021 erneut in Alt-Rudow unter Leitung unseres neuen Dirigenten Leonard Wacker, bei dem wir erstmalig Solobeitr\u00e4ge von jungen Talenten aus unserem Orchester in das Programm einbauten.<\/p>\n\n\n\n<p>Die gemeinsam gespielten Orchesterst\u00fccke waren Kompositionen von Grieg, Lully, W\u00fcller und Brouwer. Nach dem Konzert fanden noch einige jahresabschlie\u00dfende Proben statt. Sch\u00f6n, dass unser Orchester die pandemiebedingten Einschr\u00e4nkungen so gut \u00fcberdauert hat!&nbsp;<\/p>\n\n\n\n<h2 class=\"wp-block-heading\">2020<\/h2>\n\n\n\n<p>Kurz nach Beginn der neuen Probensaison war unsere Probenarbeit aufgrund der Corona-Pandemie vorerst unterbrochen. Ein halbes Jahr sp\u00e4ter konnten wir am 26. September und 24. Oktober proben und unseren neuen Dirigenten Leonard Wacker begr\u00fc\u00dfen. Es folgte der 2. Lockdown und wir konnten uns nur digital treffen und im Kontakt bleiben.<\/p>\n\n\n\n<h4 class=\"wp-block-heading\">Digitaler Kulturabend<\/h4>\n\n\n\n<p>Im April 2020 fand unser erster digitaler Kulturabend per Videokonferenz statt \u2013 \u201eCorona macht\u2019s n\u00f6tig!\u201c Seitdem fanden unsere Treffen regelm\u00e4\u00dfig, fast w\u00f6chentlich statt. So war zumindest mit solistischen Beitr\u00e4gen der Orchestermitglieder der musikalische Austausch gegeben.<\/p>\n\n\n\n<h2 class=\"wp-block-heading\">2019<\/h2>\n\n\n\n<h4 class=\"wp-block-heading\"><strong>Neues Jahr, Neues Gl\u00fcck, NEUER DIRIGENT!<\/strong><\/h4>\n\n\n<div class=\"wp-block-image\">\n<figure class=\"aligncenter\"><a href=\"https:\/\/www.bdz-berlin.de\/wp-content\/uploads\/2021\/02\/Gruppenfoto-ljgo-2019-scaled.jpg\"><img loading=\"lazy\" decoding=\"async\" width=\"931\" height=\"1024\" src=\"https:\/\/www.bdz-berlin.de\/wp-content\/uploads\/2021\/02\/Gruppenfoto-ljgo-2019-931x1024.jpg\" alt=\"\" class=\"wp-image-662\" srcset=\"https:\/\/www.bdz-berlin.de\/wp-content\/uploads\/2021\/02\/Gruppenfoto-ljgo-2019-931x1024.jpg 931w, https:\/\/www.bdz-berlin.de\/wp-content\/uploads\/2021\/02\/Gruppenfoto-ljgo-2019-273x300.jpg 273w, https:\/\/www.bdz-berlin.de\/wp-content\/uploads\/2021\/02\/Gruppenfoto-ljgo-2019-768x844.jpg 768w, https:\/\/www.bdz-berlin.de\/wp-content\/uploads\/2021\/02\/Gruppenfoto-ljgo-2019-1397x1536.jpg 1397w, https:\/\/www.bdz-berlin.de\/wp-content\/uploads\/2021\/02\/Gruppenfoto-ljgo-2019-1863x2048.jpg 1863w, https:\/\/www.bdz-berlin.de\/wp-content\/uploads\/2021\/02\/Gruppenfoto-ljgo-2019-624x686.jpg 624w\" sizes=\"(max-width: 931px) 100vw, 931px\" \/><\/a><\/figure><\/div>\n\n\n<p><br>Simon Scriba, Sch\u00fcler seines Vorg\u00e4ngers Symeon Ioannidis, leitete von nun an das Orchester und bereitete uns in regelm\u00e4\u00dfigen Proben auf den Gegenbesuch der Musiker*innen des Conjunt de guitarres EMMVA aus Spanien vor. Auch die \u00fcbrige Leitung wechselte zu Beginn des Jahres 2019. Helga Konzack \u00fcbergab Ende M\u00e4rz die Projektleitung an Eric Schumann, Prof. Jo\u00ebl Betton trat in den Hintergrund. In der Hoffnung, das Erbe der drei starken und treibenden Pers\u00f6nlichkeiten geb\u00fchrend fortzuf\u00fchren, trat die neue Orchesterleitung inklusive Fachdozentinnen und Fachdozenten hoch motiviert zu den letzten Vorbereitungen des n\u00e4chsten Projektes an.<\/p>\n\n\n\n<h4 class=\"wp-block-heading\">Besuch des spanischen Jugendorchesters Conjunt de guitarres EMMVA<\/h4>\n\n\n<div class=\"wp-block-image\">\n<figure class=\"aligncenter\"><a href=\"https:\/\/www.bdz-berlin.de\/wp-content\/uploads\/2021\/02\/ljgo-Pariser-Platz-scaled.jpg\"><img loading=\"lazy\" decoding=\"async\" width=\"1024\" height=\"656\" src=\"https:\/\/www.bdz-berlin.de\/wp-content\/uploads\/2021\/02\/ljgo-Pariser-Platz-1024x656.jpg\" alt=\"\" class=\"wp-image-669\" srcset=\"https:\/\/www.bdz-berlin.de\/wp-content\/uploads\/2021\/02\/ljgo-Pariser-Platz-1024x656.jpg 1024w, https:\/\/www.bdz-berlin.de\/wp-content\/uploads\/2021\/02\/ljgo-Pariser-Platz-300x192.jpg 300w, https:\/\/www.bdz-berlin.de\/wp-content\/uploads\/2021\/02\/ljgo-Pariser-Platz-768x492.jpg 768w, https:\/\/www.bdz-berlin.de\/wp-content\/uploads\/2021\/02\/ljgo-Pariser-Platz-1536x984.jpg 1536w, https:\/\/www.bdz-berlin.de\/wp-content\/uploads\/2021\/02\/ljgo-Pariser-Platz-2048x1312.jpg 2048w, https:\/\/www.bdz-berlin.de\/wp-content\/uploads\/2021\/02\/ljgo-Pariser-Platz-624x400.jpg 624w\" sizes=\"(max-width: 1024px) 100vw, 1024px\" \/><\/a><\/figure><\/div>\n\n<div class=\"wp-block-image\">\n<figure class=\"alignright\"><a href=\"https:\/\/www.bdz-berlin.de\/wp-content\/uploads\/2021\/02\/ljgo-Probe-2.jpg\"><img loading=\"lazy\" decoding=\"async\" width=\"300\" height=\"225\" src=\"https:\/\/www.bdz-berlin.de\/wp-content\/uploads\/2021\/02\/ljgo-Probe-2-300x225.jpg\" alt=\"\" class=\"wp-image-668\" srcset=\"https:\/\/www.bdz-berlin.de\/wp-content\/uploads\/2021\/02\/ljgo-Probe-2-300x225.jpg 300w, https:\/\/www.bdz-berlin.de\/wp-content\/uploads\/2021\/02\/ljgo-Probe-2-1024x768.jpg 1024w, https:\/\/www.bdz-berlin.de\/wp-content\/uploads\/2021\/02\/ljgo-Probe-2-768x576.jpg 768w, https:\/\/www.bdz-berlin.de\/wp-content\/uploads\/2021\/02\/ljgo-Probe-2-1536x1152.jpg 1536w, https:\/\/www.bdz-berlin.de\/wp-content\/uploads\/2021\/02\/ljgo-Probe-2-2048x1536.jpg 2048w, https:\/\/www.bdz-berlin.de\/wp-content\/uploads\/2021\/02\/ljgo-Probe-2-624x468.jpg 624w, https:\/\/www.bdz-berlin.de\/wp-content\/uploads\/2021\/02\/ljgo-Probe-2-240x180.jpg 240w\" sizes=\"(max-width: 300px) 100vw, 300px\" \/><\/a><\/figure><\/div>\n\n\n<p><br>Vom 3. bis 6. Mai 2019 erfolgte der Gegenbesuch des spanischen Jugendorchesters unter Leitung von Laura Fontanals-Clop und des Dirigenten Jordi Paredes in Berlin.<br>An drei ausgef\u00fcllten Tagen brachten wir den Musikern aus Sant Cugat Berlin n\u00e4her und probten gemeinsam.<br><br>Den Abschluss unseres Austausches in Berlin bildete am 5. Mai das gemeinsame Konzert in der Lindenkirche in Berlin-Wilmersdorf. Das <a href=\"https:\/\/www.bdz-berlin.de\/index.php\/landeszupforchester-berlin\/\">Landeszupforchester Berlin (LZO Berlin)<\/a> war ebenfalls Teil des Programms.<\/p>\n\n\n\n<h4 class=\"wp-block-heading\">Berliner Orchestertreff 2019<\/h4>\n\n\n<div class=\"wp-block-image\">\n<figure class=\"alignleft\"><a href=\"https:\/\/www.bdz-berlin.de\/wp-content\/uploads\/2021\/02\/ljgo-Konzert-4.jpg\"><img loading=\"lazy\" decoding=\"async\" width=\"300\" height=\"169\" src=\"https:\/\/www.bdz-berlin.de\/wp-content\/uploads\/2021\/02\/ljgo-Konzert-4-300x169.jpg\" alt=\"\" class=\"wp-image-666\" srcset=\"https:\/\/www.bdz-berlin.de\/wp-content\/uploads\/2021\/02\/ljgo-Konzert-4-300x169.jpg 300w, https:\/\/www.bdz-berlin.de\/wp-content\/uploads\/2021\/02\/ljgo-Konzert-4-768x432.jpg 768w, https:\/\/www.bdz-berlin.de\/wp-content\/uploads\/2021\/02\/ljgo-Konzert-4-624x351.jpg 624w, https:\/\/www.bdz-berlin.de\/wp-content\/uploads\/2021\/02\/ljgo-Konzert-4.jpg 960w\" sizes=\"(max-width: 300px) 100vw, 300px\" \/><\/a><\/figure><\/div>\n\n<div class=\"wp-block-image\">\n<figure class=\"alignleft\"><a href=\"https:\/\/www.bdz-berlin.de\/wp-content\/uploads\/2021\/02\/ljgo-Konzert-1-scaled.jpg\"><img loading=\"lazy\" decoding=\"async\" width=\"1024\" height=\"680\" src=\"https:\/\/www.bdz-berlin.de\/wp-content\/uploads\/2021\/02\/ljgo-Konzert-1-1024x680.jpg\" alt=\"\" class=\"wp-image-664\" srcset=\"https:\/\/www.bdz-berlin.de\/wp-content\/uploads\/2021\/02\/ljgo-Konzert-1-1024x680.jpg 1024w, https:\/\/www.bdz-berlin.de\/wp-content\/uploads\/2021\/02\/ljgo-Konzert-1-300x199.jpg 300w, https:\/\/www.bdz-berlin.de\/wp-content\/uploads\/2021\/02\/ljgo-Konzert-1-768x510.jpg 768w, https:\/\/www.bdz-berlin.de\/wp-content\/uploads\/2021\/02\/ljgo-Konzert-1-1536x1019.jpg 1536w, https:\/\/www.bdz-berlin.de\/wp-content\/uploads\/2021\/02\/ljgo-Konzert-1-2048x1359.jpg 2048w, https:\/\/www.bdz-berlin.de\/wp-content\/uploads\/2021\/02\/ljgo-Konzert-1-624x414.jpg 624w\" sizes=\"(max-width: 1024px) 100vw, 1024px\" \/><\/a><\/figure><\/div>\n\n\n<p><br>Ein spannender musikalischer H\u00f6hepunkt f\u00fcr unser Orchester war die Teilnahme am Berliner Orchestertreff 2019. Am 25. Mai gaben wir im FEZ Berlin Teile unseres Repertoires zum Besten und erhielten f\u00fcr unsere Spielleistung 22 von 25 Punkten. Die Jury bestand aus den renommierten Musiker*innen Mascha Bogdanova, Olga Dubowskaja, Madlen Kanzler, Michael Kubik und Prof. Anita Rennert.<br><\/p>\n\n\n\n<h4 class=\"wp-block-heading\">Weihnachtskonzerte 2019<\/h4>\n\n\n\n<p>Im August 2019 nahmen wir nach der Sommerpause die Proben wieder auf und konnten ein neues Programm, bestehend aus den drei St\u00fccken Waves Obsidian von Harry Stafylakis, Oktoberstern von Lars W\u00fcller sowie dem Capriccio Stravagante von Carlo Farina, erarbeiten. Diese brachten wir am 7. Dezember in der Refo-Kirche in Berlin-Moabit und am 8. Dezember in der Kirche St. Joseph in Berlin-Rudow auf die B\u00fchne. Unterst\u00fctzt wurden wir dabei von zwei Ensembles \u2013 Dem Prosecchor in Moabit, ebenfalls unter der Leitung unseres Dirigenten Simon Scriba, und zum wiederholten Male vom Potsdamer Ensemble Les Bouffons, unter der Leitung von Antje Stahl, in Alt-Rudow.<br>Begleitet von einer beeindruckenden Lichtinstallation und in Kooperation mit der Bamenda Film School aus Kamerun war das Konzert in der Refo-Kirche ein erf\u00fcllendes Erlebnis f\u00fcr alle Beteiligten. Musikalisch bereichert wurde das Konzertprogramm durch ein gemeinsam mit dem Prosecchor konzertiertes Werk von Monteverdi.<br>Das zweite Konzert in der Kirche St. Joseph bestach durch einen gut gef\u00fcllten Raum und ein abwechslungsreiches Programm, bereichert durch die popul\u00e4ren Melodien unserer musikalischen G\u00e4ste Les Bouffons.<\/p>\n\n\n\n<h2 class=\"wp-block-heading\">2018<\/h2>\n\n\n\n<h4 class=\"wp-block-heading\">Konzertreise nach Barcelona<\/h4>\n\n\n<div class=\"wp-block-image\">\n<figure class=\"alignleft\"><a href=\"https:\/\/www.bdz-berlin.de\/wp-content\/uploads\/2018\/06\/ljgo2.jpg\"><img loading=\"lazy\" decoding=\"async\" width=\"300\" height=\"187\" src=\"https:\/\/www.bdz-berlin.de\/wp-content\/uploads\/2018\/06\/ljgo2-300x187.jpg\" alt=\"\" class=\"wp-image-400\" srcset=\"https:\/\/www.bdz-berlin.de\/wp-content\/uploads\/2018\/06\/ljgo2-300x187.jpg 300w, https:\/\/www.bdz-berlin.de\/wp-content\/uploads\/2018\/06\/ljgo2-768x479.jpg 768w, https:\/\/www.bdz-berlin.de\/wp-content\/uploads\/2018\/06\/ljgo2-624x389.jpg 624w, https:\/\/www.bdz-berlin.de\/wp-content\/uploads\/2018\/06\/ljgo2.jpg 904w\" sizes=\"(max-width: 300px) 100vw, 300px\" \/><\/a><\/figure><\/div>\n\n\n<p><br>Zu den H\u00f6hepunkten im Orchesterleben des ljgo berlin geh\u00f6rte die im Rahmen eines Kooperationsprojektes mit der spanischen Gitarristin Laura Fontanals-Clop und der Escola Municipal de M\u00fasica in Sant Cugat del Vall\u00e8 vom 27. April bis 2. Mai 2018 stattfindende Konzertreise nach Barcelona. Gemeinsame Konzerte des spanischen Jugendgitarrenorchesters und des ljgo berlin fanden in Sant Cugat und in der Kathedrale Sagrada Fam\u00edlia in Barcelona statt.<\/p>\n\n\n\n<h4 class=\"wp-block-heading\">Weihnachtskonzert 2018<\/h4>\n\n\n<div class=\"wp-block-image\">\n<figure class=\"aligncenter\"><a href=\"https:\/\/www.bdz-berlin.de\/wp-content\/uploads\/2021\/02\/Gruppenfoto-ljgo-2018-scaled.jpg\"><img loading=\"lazy\" decoding=\"async\" width=\"1024\" height=\"785\" src=\"https:\/\/www.bdz-berlin.de\/wp-content\/uploads\/2021\/02\/Gruppenfoto-ljgo-2018-1024x785.jpg\" alt=\"\" class=\"wp-image-661\" srcset=\"https:\/\/www.bdz-berlin.de\/wp-content\/uploads\/2021\/02\/Gruppenfoto-ljgo-2018-1024x785.jpg 1024w, https:\/\/www.bdz-berlin.de\/wp-content\/uploads\/2021\/02\/Gruppenfoto-ljgo-2018-300x230.jpg 300w, https:\/\/www.bdz-berlin.de\/wp-content\/uploads\/2021\/02\/Gruppenfoto-ljgo-2018-768x589.jpg 768w, https:\/\/www.bdz-berlin.de\/wp-content\/uploads\/2021\/02\/Gruppenfoto-ljgo-2018-1536x1178.jpg 1536w, https:\/\/www.bdz-berlin.de\/wp-content\/uploads\/2021\/02\/Gruppenfoto-ljgo-2018-2048x1571.jpg 2048w, https:\/\/www.bdz-berlin.de\/wp-content\/uploads\/2021\/02\/Gruppenfoto-ljgo-2018-624x479.jpg 624w\" sizes=\"(max-width: 1024px) 100vw, 1024px\" \/><\/a><\/figure><\/div>\n\n\n<p>Im Jahr 2018 gestaltete das ljgo berlin einen weiteren musikalischen H\u00f6hepunkt: Unser erstes gemeinsames Konzert mit dem Potsdamer Ensemble Les Bouffons, unter der Leitung von Antje Stahl, am 9. Dezember in der Kirche St. Joseph in Berlin-Rudow. In diesem Konzert spannten wir mit den Les Bouffons zusammen einen weiten r\u00e4umlich-musikalischen Rahmen von lateinamerikanischer, spanischer, mittel- und s\u00fcdosteurop\u00e4ischer bis hin zu japanischer Musik, von barocken bis zeitgen\u00f6ssischen Komponisten.<\/p>\n\n\n\n<h2 class=\"wp-block-heading\">2017<\/h2>\n\n\n\n<p>Im Jahr 2017 konnte das ljgo berlin dank umfangreicher Vorbereitungen durch Helga Konzack, Jo\u00ebl Betton und Symeon Ioannidis gegr\u00fcndet werden.<br>Mit den ersten erfolgreichen Probenphasen bereitete sich das Orchester mit zwei Konzertbeitr\u00e4gen in Veranstaltungen des BDZ Landesverband Berlin auf die musikalische Begegnung mit dem spanischen Jugendorchester Conjunt de guitarres EMMVA im Fr\u00fchling 2018 vor.<\/p>\n","protected":false},"excerpt":{"rendered":"<p>2022 Probenphase 2. Halbjahr Die zweite Probenphase im Jahr 2022 war eine ganz besondere Zeit f\u00fcr unser Orchester. Unser Highlight des Jahres war gleichzeitig ein H\u00f6hepunkt seit Bestehen des\u00a0ljgo berlin&#8230;. <a href=\"https:\/\/www.bdz-berlin.de\/index.php\/ljgo\/chronik\/\">Read more &raquo;<\/a><\/p>\n","protected":false},"author":1,"featured_media":0,"parent":230,"menu_order":0,"comment_status":"closed","ping_status":"closed","template":"","meta":{"footnotes":""},"class_list":["post-655","page","type-page","status-publish","hentry"],"_links":{"self":[{"href":"https:\/\/www.bdz-berlin.de\/index.php\/wp-json\/wp\/v2\/pages\/655"}],"collection":[{"href":"https:\/\/www.bdz-berlin.de\/index.php\/wp-json\/wp\/v2\/pages"}],"about":[{"href":"https:\/\/www.bdz-berlin.de\/index.php\/wp-json\/wp\/v2\/types\/page"}],"author":[{"embeddable":true,"href":"https:\/\/www.bdz-berlin.de\/index.php\/wp-json\/wp\/v2\/users\/1"}],"replies":[{"embeddable":true,"href":"https:\/\/www.bdz-berlin.de\/index.php\/wp-json\/wp\/v2\/comments?post=655"}],"version-history":[{"count":7,"href":"https:\/\/www.bdz-berlin.de\/index.php\/wp-json\/wp\/v2\/pages\/655\/revisions"}],"predecessor-version":[{"id":947,"href":"https:\/\/www.bdz-berlin.de\/index.php\/wp-json\/wp\/v2\/pages\/655\/revisions\/947"}],"up":[{"embeddable":true,"href":"https:\/\/www.bdz-berlin.de\/index.php\/wp-json\/wp\/v2\/pages\/230"}],"wp:attachment":[{"href":"https:\/\/www.bdz-berlin.de\/index.php\/wp-json\/wp\/v2\/media?parent=655"}],"curies":[{"name":"wp","href":"https:\/\/api.w.org\/{rel}","templated":true}]}}