{"id":426,"date":"2018-10-09T09:03:33","date_gmt":"2018-10-09T07:03:33","guid":{"rendered":"http:\/\/www.bdz-berlin.de\/?page_id=426"},"modified":"2023-10-29T12:16:28","modified_gmt":"2023-10-29T11:16:28","slug":"gema-anmeldung","status":"publish","type":"page","link":"https:\/\/www.bdz-berlin.de\/index.php\/downloads\/gema-anmeldung\/","title":{"rendered":"GEMA-Anmeldung"},"content":{"rendered":"\n<h1 class=\"wp-block-heading\">Hinweise zum Prozedere f\u00fcr die GEMA Abwicklung<\/h1>\n\n\n\n<p>Wichtig f\u00fcr die Orga, Leiter vom BDZ Landesverbandsorchester, sowie auch f\u00fcr Organisatoren von LV Kursen, die mit der Durchf\u00fchrung von Konzerten im Namen des LV betraut sind.<\/p>\n\n\n\n<p>Die Verfahrensweise gilt auch f\u00fcr Landesmusikfeste.<\/p>\n\n\n\n<ol class=\"wp-block-list\">\n<li>Bitte nutzen sie zur Kontaktaufnahme zum Thema BDZ-GEMA-Abwicklung ausschlie\u00dflich die Mail <a href=\"javascript:DeCryptX('3j2g3p0a2B3e1e0z303r3q1m3l2p1f200d1f')\">ge&#109;&#97;&#64;bd&#122;-o&#110;line&#46;de<\/a>. Dort erreichen sie Sigrid Ahrend unmittelbar.<\/li>\n\n\n\n<li>Eine telefonische Kontaktaufnahme \u00fcber bisher mitgeteilte Telefonnummern ist NICHT m\u00f6glich.<\/li>\n\n\n\n<li>Verwenden sie bitte ausschlie\u00dflich das <a href=\"https:\/\/eur03.safelinks.protection.outlook.com\/?url=http%3A%2F%2Fbdz-online.de%2Fde%2Fdownloads&amp;data=02%7C01%7C%7C0eee784ca0e14383593a08d629def82c%7C84df9e7fe9f640afb435aaaaaaaaaaaa%7C1%7C0%7C636742434946786427&amp;sdata=iRSKstq2XT%2BDdJskQATdACPNuyUTOkq%2B%2FnFjc7r6YQ0%3D&amp;reserved=0\">bekannte Formular<\/a> zur Abwicklung.<\/li>\n\n\n\n<li>Landesorchester benutzen bitte unbedingt NUR IHRE Migliedsnummer xx20x.<\/li>\n\n\n\n<li>Landesverb\u00e4nde geben bei ihren Konzerten (Kurse, LMF) ausschlie\u00dflich ihre Mitglieds Nummer an xx000 <u>(Landesverb\u00e4nde haben in fr\u00fcherer Zeit Konzerte \u00fcber Mitgliedsnummern der LV Landes-Orchester abgewickelt, dies ist NICHT mehr m\u00f6glich.)<br><\/u><strong>Landesverb\u00e4nde erhalten zuk\u00fcnftig bei der Verwendung der falschen Zuordnung umgehend eine Rechnung durch die GEMA direkt!<\/strong><\/li>\n\n\n\n<li>Der GEMA Prozess des BDZ ist f\u00fcr LVs nur m\u00f6glich, wenn der LV oder das LV Orchester alleiniger Veranstalter ist!<\/li>\n<\/ol>\n\n\n\n<p>Dominik Hackner<br>Vizepr\u00e4sident und Festivalleitung BDZ Eurofestival Zupfmusik 2018<\/p>\n","protected":false},"excerpt":{"rendered":"<p>Hinweise zum Prozedere f\u00fcr die GEMA Abwicklung Wichtig f\u00fcr die Orga, Leiter vom BDZ Landesverbandsorchester, sowie auch f\u00fcr Organisatoren von LV Kursen, die mit der Durchf\u00fchrung von Konzerten im Namen&#8230; <a href=\"https:\/\/www.bdz-berlin.de\/index.php\/downloads\/gema-anmeldung\/\">Read more &raquo;<\/a><\/p>\n","protected":false},"author":1,"featured_media":0,"parent":10,"menu_order":0,"comment_status":"closed","ping_status":"closed","template":"","meta":{"footnotes":""},"class_list":["post-426","page","type-page","status-publish","hentry"],"_links":{"self":[{"href":"https:\/\/www.bdz-berlin.de\/index.php\/wp-json\/wp\/v2\/pages\/426"}],"collection":[{"href":"https:\/\/www.bdz-berlin.de\/index.php\/wp-json\/wp\/v2\/pages"}],"about":[{"href":"https:\/\/www.bdz-berlin.de\/index.php\/wp-json\/wp\/v2\/types\/page"}],"author":[{"embeddable":true,"href":"https:\/\/www.bdz-berlin.de\/index.php\/wp-json\/wp\/v2\/users\/1"}],"replies":[{"embeddable":true,"href":"https:\/\/www.bdz-berlin.de\/index.php\/wp-json\/wp\/v2\/comments?post=426"}],"version-history":[{"count":4,"href":"https:\/\/www.bdz-berlin.de\/index.php\/wp-json\/wp\/v2\/pages\/426\/revisions"}],"predecessor-version":[{"id":936,"href":"https:\/\/www.bdz-berlin.de\/index.php\/wp-json\/wp\/v2\/pages\/426\/revisions\/936"}],"up":[{"embeddable":true,"href":"https:\/\/www.bdz-berlin.de\/index.php\/wp-json\/wp\/v2\/pages\/10"}],"wp:attachment":[{"href":"https:\/\/www.bdz-berlin.de\/index.php\/wp-json\/wp\/v2\/media?parent=426"}],"curies":[{"name":"wp","href":"https:\/\/api.w.org\/{rel}","templated":true}]}}