{"id":355,"date":"2018-05-19T14:27:28","date_gmt":"2018-05-19T12:27:28","guid":{"rendered":"http:\/\/www.bdz-berlin.de\/?page_id=355"},"modified":"2023-10-29T12:01:50","modified_gmt":"2023-10-29T11:01:50","slug":"das-orchester","status":"publish","type":"page","link":"https:\/\/www.bdz-berlin.de\/index.php\/landeszupforchester-berlin\/das-orchester\/","title":{"rendered":"Das Orchester"},"content":{"rendered":"<div class=\"wp-block-image\">\n<figure class=\"aligncenter\"><a href=\"https:\/\/www.bdz-berlin.de\/wp-content\/uploads\/2018\/05\/konzept.jpg\"><img loading=\"lazy\" decoding=\"async\" width=\"620\" height=\"309\" src=\"https:\/\/www.bdz-berlin.de\/wp-content\/uploads\/2018\/05\/konzept.jpg\" alt=\"\" class=\"wp-image-361\" srcset=\"https:\/\/www.bdz-berlin.de\/wp-content\/uploads\/2018\/05\/konzept.jpg 620w, https:\/\/www.bdz-berlin.de\/wp-content\/uploads\/2018\/05\/konzept-300x150.jpg 300w\" sizes=\"(max-width: 620px) 100vw, 620px\" \/><\/a><\/figure><\/div>\n\n\n<p>Das Landeszupforchester Berlin (LZO) ist ein Projekt des Landesmusikrates Berlin sowie des BDZ Landesverband Berlin e.V.<\/p>\n\n\n\n<p>Als Auswahlorchester setzt es sich aus den fortgeschrittenen Spielern der Berliner Vereinsorchester, aber auch aus Musikstudenten, professionellen Musikern und vielversprechenden Talenten zusammen.<\/p>\n\n\n\n<h1 class=\"wp-block-heading\">Aufgaben<\/h1>\n\n\n\n<p>Eines der Ziele des Orchester ist es, die lange zupfmusikalische Tradition fortzuf\u00fchren und die Zupfmusik in der Region Berlin-Brandenburg lebendig zu halten. Insbesondere f\u00f6rdert das LZO die Preistr\u00e4ger von \u201eJugend musiziert\u201c in den F\u00e4chern Mandoline und Gitarre.<\/p>\n\n\n\n<p>Da es keine professionellen Zupforchester gibt, sind es deutschlandweit die Auswahlorchester, die das gr\u00f6\u00dfte Potential und auch h\u00f6chste Niveau der Zupforchester bieten. Hier musizieren einige professionell ausgebildete Instrumentalisten zusammen mit fortgeschrittenen Spielern der Berliner Vereinsorchester. F\u00fcr letztere ist das LZO eine M\u00f6glichkeit, sich in Berlin auf der Mandoline weiterzuentwickeln, denn hier k\u00f6nnen Laienmusiker von Profimusikern lernen.<\/p>\n\n\n\n<p>Durch das Fehlen von professionellen Zupforchestern sieht sich das LZO auch verpflichtet, im Bereich der Neuen Musik t\u00e4tig zu sein. Eine Reihe junger so wie bereits etablierter Komponisten haben eigens f\u00fcr das LZO komponiert.<\/p>\n\n\n\n<h1 class=\"wp-block-heading\">Probenkonzept<\/h1>\n\n\n\n<p>Das Orchester probt in Projektphasen an drei bis vier Wochenenden im Jahr und erarbeitet j\u00e4hrlich ein bis zwei Programme.<\/p>\n\n\n\n<p>Als Stimmf\u00fchrer werden professionelle Musiker eingesetzt, die in Stimmproben als Dozenten ihren Mitspielern beim Erarbeiten der St\u00fccke technisch und musikalisch zur Seite stehen.<\/p>\n","protected":false},"excerpt":{"rendered":"<p>Das Landeszupforchester Berlin (LZO) ist ein Projekt des Landesmusikrates Berlin sowie des BDZ Landesverband Berlin e.V. Als Auswahlorchester setzt es sich aus den fortgeschrittenen Spielern der Berliner Vereinsorchester, aber auch&#8230; <a href=\"https:\/\/www.bdz-berlin.de\/index.php\/landeszupforchester-berlin\/das-orchester\/\">Read more &raquo;<\/a><\/p>\n","protected":false},"author":1,"featured_media":0,"parent":8,"menu_order":0,"comment_status":"closed","ping_status":"closed","template":"","meta":{"footnotes":""},"class_list":["post-355","page","type-page","status-publish","hentry"],"_links":{"self":[{"href":"https:\/\/www.bdz-berlin.de\/index.php\/wp-json\/wp\/v2\/pages\/355"}],"collection":[{"href":"https:\/\/www.bdz-berlin.de\/index.php\/wp-json\/wp\/v2\/pages"}],"about":[{"href":"https:\/\/www.bdz-berlin.de\/index.php\/wp-json\/wp\/v2\/types\/page"}],"author":[{"embeddable":true,"href":"https:\/\/www.bdz-berlin.de\/index.php\/wp-json\/wp\/v2\/users\/1"}],"replies":[{"embeddable":true,"href":"https:\/\/www.bdz-berlin.de\/index.php\/wp-json\/wp\/v2\/comments?post=355"}],"version-history":[{"count":5,"href":"https:\/\/www.bdz-berlin.de\/index.php\/wp-json\/wp\/v2\/pages\/355\/revisions"}],"predecessor-version":[{"id":921,"href":"https:\/\/www.bdz-berlin.de\/index.php\/wp-json\/wp\/v2\/pages\/355\/revisions\/921"}],"up":[{"embeddable":true,"href":"https:\/\/www.bdz-berlin.de\/index.php\/wp-json\/wp\/v2\/pages\/8"}],"wp:attachment":[{"href":"https:\/\/www.bdz-berlin.de\/index.php\/wp-json\/wp\/v2\/media?parent=355"}],"curies":[{"name":"wp","href":"https:\/\/api.w.org\/{rel}","templated":true}]}}