{"id":230,"date":"2017-04-14T14:18:37","date_gmt":"2017-04-14T12:18:37","guid":{"rendered":"http:\/\/www.bdz-berlin.de\/?page_id=230"},"modified":"2026-04-09T21:23:22","modified_gmt":"2026-04-09T19:23:22","slug":"ljgo","status":"publish","type":"page","link":"https:\/\/www.bdz-berlin.de\/index.php\/ljgo\/","title":{"rendered":"LJGO"},"content":{"rendered":"\n<h1 class=\"wp-block-heading\"><a href=\"https:\/\/www.bdz-berlin.de\/wp-content\/uploads\/2017\/04\/ljgo_Logo_breit.jpg\"><img loading=\"lazy\" decoding=\"async\" width=\"625\" height=\"208\" class=\"aligncenter size-large wp-image-233\" src=\"https:\/\/www.bdz-berlin.de\/wp-content\/uploads\/2017\/04\/ljgo_Logo_breit-1024x341.jpg\" alt=\"\" srcset=\"https:\/\/www.bdz-berlin.de\/wp-content\/uploads\/2017\/04\/ljgo_Logo_breit-1024x341.jpg 1024w, https:\/\/www.bdz-berlin.de\/wp-content\/uploads\/2017\/04\/ljgo_Logo_breit-300x100.jpg 300w, https:\/\/www.bdz-berlin.de\/wp-content\/uploads\/2017\/04\/ljgo_Logo_breit-768x256.jpg 768w, https:\/\/www.bdz-berlin.de\/wp-content\/uploads\/2017\/04\/ljgo_Logo_breit-624x208.jpg 624w, https:\/\/www.bdz-berlin.de\/wp-content\/uploads\/2017\/04\/ljgo_Logo_breit.jpg 1417w\" sizes=\"(max-width: 625px) 100vw, 625px\" \/><\/a>Willkommen auf der Website des ljgo&nbsp;Berlin!<\/h1>\n\n\n\n<p>Wir sind ein Orchester, das sich dem wundervollen Klang der Gitarre verschrieben hat.<\/p>\n\n\n\n<p>Dabei widmen wir uns&nbsp;der f\u00fcr Gitarrenorchester geschriebenen oder bearbeiteten Konzertliteratur. Das Repertoire unseres Orchesters umfasst Werke von Komponisten verschiedenster Musikepochen, beispielsweise von Yasuo Kuwahara, Hansjoachim Kaps, Andersen Viana, Jean Baptiste Lully und anderen.<\/p>\n\n\n\n<figure class=\"wp-block-image size-large\"><img loading=\"lazy\" decoding=\"async\" width=\"1024\" height=\"682\" src=\"https:\/\/www.bdz-berlin.de\/wp-content\/uploads\/2026\/04\/ljgo-berlin-WAO-2022-1024x682.jpg\" alt=\"\" class=\"wp-image-1113\" srcset=\"https:\/\/www.bdz-berlin.de\/wp-content\/uploads\/2026\/04\/ljgo-berlin-WAO-2022-1024x682.jpg 1024w, https:\/\/www.bdz-berlin.de\/wp-content\/uploads\/2026\/04\/ljgo-berlin-WAO-2022-300x200.jpg 300w, https:\/\/www.bdz-berlin.de\/wp-content\/uploads\/2026\/04\/ljgo-berlin-WAO-2022-768x512.jpg 768w, https:\/\/www.bdz-berlin.de\/wp-content\/uploads\/2026\/04\/ljgo-berlin-WAO-2022-1536x1024.jpg 1536w, https:\/\/www.bdz-berlin.de\/wp-content\/uploads\/2026\/04\/ljgo-berlin-WAO-2022-624x416.jpg 624w, https:\/\/www.bdz-berlin.de\/wp-content\/uploads\/2026\/04\/ljgo-berlin-WAO-2022.jpg 2000w\" sizes=\"(max-width: 1024px) 100vw, 1024px\" \/><\/figure>\n\n\n\n<p>Unser Orchester setzt sich aus&nbsp;jungen Talenten und Musikstudierenden&nbsp;im Alter von 13 bis 27 Jahren zusammen. Wir verstehen uns als&nbsp;F\u00f6rderinstitution f\u00fcr Nachwuchsgitarrist*innen, wobei die Freude an musikalischen Herausforderungen und die daraus entstehenden Konzertprogramme unser Motor sind. Erfahrene&nbsp;Dozent*innen&nbsp;(Absolventen der Udk&nbsp;Berlin und HfM Hanns Eisler) unterst\u00fctzen uns&nbsp;bei Proben und Fragen rund um die Gitarre.<\/p>\n\n\n\n<p>Wir erarbeiten unsere Programme in Proben, die einmal im Monat stattfinden. Auch wenn sie ausgiebig und intensiv sind, bleiben die gute Laune und das fr\u00f6hliche Miteinander nie auf der Strecke. Deshalb veranstalten wir auch regelm\u00e4\u00dfig \u201eKulturabende\u201c, in denen wir zusammenkommen, uns austauschen und \u00fcberdies die M\u00f6glichkeit besteht, solistisch St\u00fccke zu pr\u00e4sentieren.<\/p>\n\n\n\n<p>Wir suchen derzeit noch Gitarristinnen und Gitarristen, die Spa\u00df am gemeinsamen Musizieren haben und motiviert sind, sich am Instrument und im Zusammenspiel mit anderen zu fordern. Wir laden euch gerne zu einer \u201eSchnupperprobe\u201c ein, um zu schauen, ob das Orchesterspiel etwas f\u00fcr euch ist. &nbsp;St\u00f6bert auch gerne noch hier auf unserer Seite, auf der ihr eine Chronik unserer bisherigen Aktivit\u00e4ten,&nbsp;Fotos und Videos finden k\u00f6nnt.<br>Z\u00f6gert bei Fragen nicht, euch an unseren Projektleiter Eric Schumann zu wenden.<\/p>\n\n\n\n<p>Wir hoffen, euch bald in unseren Reihen oder bei einem unserer Konzerte zu treffen!<\/p>\n\n\n\n<p>Euer ljgo berlin<\/p>\n\n\n\n<p>Kontakt: <a href=\"javascript:DeCryptX('3o3m3j2q2\/1c0e2t3o1j1o3C0b0d3}1.1c0e3u3o1j1o1\/1e1f')\">l&#106;go&#45;berli&#110;&#64;b&#100;z-b&#101;rl&#105;&#110;.d&#101;<\/a><\/p>\n","protected":false},"excerpt":{"rendered":"<p>Willkommen auf der Website des ljgo&nbsp;Berlin! Wir sind ein Orchester, das sich dem wundervollen Klang der Gitarre verschrieben hat. Dabei widmen wir uns&nbsp;der f\u00fcr Gitarrenorchester geschriebenen oder bearbeiteten Konzertliteratur. Das&#8230; <a href=\"https:\/\/www.bdz-berlin.de\/index.php\/ljgo\/\">Read more &raquo;<\/a><\/p>\n","protected":false},"author":1,"featured_media":0,"parent":0,"menu_order":0,"comment_status":"closed","ping_status":"closed","template":"","meta":{"footnotes":""},"class_list":["post-230","page","type-page","status-publish","hentry"],"_links":{"self":[{"href":"https:\/\/www.bdz-berlin.de\/index.php\/wp-json\/wp\/v2\/pages\/230"}],"collection":[{"href":"https:\/\/www.bdz-berlin.de\/index.php\/wp-json\/wp\/v2\/pages"}],"about":[{"href":"https:\/\/www.bdz-berlin.de\/index.php\/wp-json\/wp\/v2\/types\/page"}],"author":[{"embeddable":true,"href":"https:\/\/www.bdz-berlin.de\/index.php\/wp-json\/wp\/v2\/users\/1"}],"replies":[{"embeddable":true,"href":"https:\/\/www.bdz-berlin.de\/index.php\/wp-json\/wp\/v2\/comments?post=230"}],"version-history":[{"count":20,"href":"https:\/\/www.bdz-berlin.de\/index.php\/wp-json\/wp\/v2\/pages\/230\/revisions"}],"predecessor-version":[{"id":1115,"href":"https:\/\/www.bdz-berlin.de\/index.php\/wp-json\/wp\/v2\/pages\/230\/revisions\/1115"}],"wp:attachment":[{"href":"https:\/\/www.bdz-berlin.de\/index.php\/wp-json\/wp\/v2\/media?parent=230"}],"curies":[{"name":"wp","href":"https:\/\/api.w.org\/{rel}","templated":true}]}}