{"id":12,"date":"2016-04-11T09:12:19","date_gmt":"2016-04-11T07:12:19","guid":{"rendered":"http:\/\/www.bdz-berlin.de\/?page_id=12"},"modified":"2026-02-11T14:53:11","modified_gmt":"2026-02-11T13:53:11","slug":"impressum","status":"publish","type":"page","link":"https:\/\/www.bdz-berlin.de\/index.php\/impressum\/","title":{"rendered":"Impressum"},"content":{"rendered":"\n<p>Der BDZ Landesverband Berlin e. V. ist als gemeinn\u00fctziger Verein anerkannt und freut sich \u00fcber Spenden auf das Konto: DE66 8306 5408 0004 2472 64 (Skatbank Berlin, BIC: GENODEF1SLR). Wir stellen Ihnen auch gerne eine Spendenquittung aus.<\/p>\n\n\n\n<p>Rechtlicher Hinweis:<br>Das Copyright s\u00e4mtlicher Inhalte auf \u201ebdz-berlin\u201c liegt \u2013 sofern nicht anders angegeben \u2013 bei \u201ebdz-berlin\u201c. Eine Verwendung der Inhalte in elektronischen oder anderen Medien bedarf einer vorherigen schriftlicher Genehmigung.<\/p>\n\n\n\n<p>F\u00fcr s\u00e4mtliche auf \u201ebdz-berlin\u201c erw\u00e4hnten Termine, Uhrzeiten, Veranstaltungsorte, Adressen, Kommunikationsnummer usw. gilt: Alle Angaben wurden nach bestem Wissen und Gewissen gemacht; eine Gew\u00e4hr f\u00fcr die Richtigkeit k\u00f6nnen wir jedoch nicht \u00fcbernehmen. Sollten Sie Kenntnis davon erhalten, dass eine oder mehrere auf \u201ebdz-berlin\u201c enthaltene Informationen unrichtig sind, informieren Sie uns bitte per E-Mail.<\/p>\n\n\n\n<p>F\u00fcr s\u00e4mtliche auf \u201ebdz-berlin\u201c enthaltene Links gilt: Wir betonen ausdr\u00fccklich, dass wir keinerlei Einfluss auf die Gestaltung und die Inhalte der verlinkten Seiten haben. Aus diesem Grunde distanzieren wir uns hiermit nachdr\u00fccklich von allen Inhalten s\u00e4mtlicher verlinkten Seiten auf unserer Site und machen uns ihre Inhalte nicht zu Eigen. Diese Erkl\u00e4rung gilt f\u00fcr alle auf unserer Site eingebundenen Links.<\/p>\n\n\n\n<p>Sollten Sie Kenntnis davon erhalten, dass einer oder mehrere dieser Links zu Seiten f\u00fchrt bzw. f\u00fchren, die illegale oder fragw\u00fcrdige Inhalte haben, informieren Sie uns bitte per E-Mail, und wir werden die Links entfernen.<\/p>\n\n\n\n<p>Verantwortlich i. S. d. MDStV:<br>Symeon Ioannidis<br>Rothenburgstr. 45<br>12163 Berlin<br><a href=\"javascript:DeCryptX('0v2q1s0s1j0t0z2B3e2f3}0-2d2g0r3o0i1o202f1f')\">v&#111;&#114;si&#116;&#122;&#64;&#98;d&#122;&#45;&#98;&#101;&#114;l&#105;n&#46;d&#101;<\/a><\/p>\n\n\n\n<p>Webmaster:<br>Daniel Huschert<br>Wittelsbacherstr. 17<br>10707 Berlin<br><a href=\"javascript:DeCryptX('0g2g3v1d3k3d1f3i0t1t0f2w3h0h2t3x0n2i3C3e2f2|2\/3e2g0r1m0i0n1\/2f0e')\">&#103;e&#115;c&#104;aef&#116;&#115;&#102;&#117;e&#104;&#114;ung&#64;&#98;dz&#45;berl&#105;n&#46;d&#101;<\/a><\/p>\n","protected":false},"excerpt":{"rendered":"<p>Der BDZ Landesverband Berlin e. V. ist als gemeinn\u00fctziger Verein anerkannt und freut sich \u00fcber Spenden auf das Konto: DE66 8306 5408 0004 2472 64 (Skatbank Berlin, BIC: GENODEF1SLR). Wir&#8230; <a href=\"https:\/\/www.bdz-berlin.de\/index.php\/impressum\/\">Read more &raquo;<\/a><\/p>\n","protected":false},"author":1,"featured_media":0,"parent":0,"menu_order":0,"comment_status":"closed","ping_status":"closed","template":"","meta":{"footnotes":""},"class_list":["post-12","page","type-page","status-publish","hentry"],"_links":{"self":[{"href":"https:\/\/www.bdz-berlin.de\/index.php\/wp-json\/wp\/v2\/pages\/12"}],"collection":[{"href":"https:\/\/www.bdz-berlin.de\/index.php\/wp-json\/wp\/v2\/pages"}],"about":[{"href":"https:\/\/www.bdz-berlin.de\/index.php\/wp-json\/wp\/v2\/types\/page"}],"author":[{"embeddable":true,"href":"https:\/\/www.bdz-berlin.de\/index.php\/wp-json\/wp\/v2\/users\/1"}],"replies":[{"embeddable":true,"href":"https:\/\/www.bdz-berlin.de\/index.php\/wp-json\/wp\/v2\/comments?post=12"}],"version-history":[{"count":8,"href":"https:\/\/www.bdz-berlin.de\/index.php\/wp-json\/wp\/v2\/pages\/12\/revisions"}],"predecessor-version":[{"id":1107,"href":"https:\/\/www.bdz-berlin.de\/index.php\/wp-json\/wp\/v2\/pages\/12\/revisions\/1107"}],"wp:attachment":[{"href":"https:\/\/www.bdz-berlin.de\/index.php\/wp-json\/wp\/v2\/media?parent=12"}],"curies":[{"name":"wp","href":"https:\/\/api.w.org\/{rel}","templated":true}]}}